{"id":7522,"date":"2025-02-18T08:39:12","date_gmt":"2025-02-18T08:39:12","guid":{"rendered":"https:\/\/blockandblock.es\/?post_type=product&#038;p=7522"},"modified":"2025-02-18T10:49:44","modified_gmt":"2025-02-18T10:49:44","slug":"kappa-70-90","status":"publish","type":"product","link":"https:\/\/blockandblock.es\/en\/catalogo\/torres\/kappa-70-90\/","title":{"rendered":"Kappa 70-90"},"content":{"rendered":"<p>La torre Kappa se compone de una base de acero al carbono de tipo estructural certificado con un truss de aluminio de un metro anclado a una bisagra que lo une a la base y, 3 trusses de 2 m reforzados y con cremallera de seguridad, en el caso de la opci\u00f3n de 7 metros. Para llegar a los 9 metros de altura se utilizan 4 trusses reforzados y tambi\u00e9n con cremallera de seguridad en cada uno de ellos.<\/p>\n<p>En la base tambi\u00e9n tendremos el carro m\u00f3vil de la torre. El cual dispone de bloqueo en la base y el sistema de seguridad anti-ca\u00edda que funciona con la cremallera.<\/p>\n<p>Aunque la torre estructural Kappa, esta formada con trusses de 29mm esta dispondr\u00e1 de accesorios para anclaje de truss, tanto de 29 como de 40.<\/p>\n","protected":false},"excerpt":{"rendered":"<p>Kappa es nuestro modelo de torre elevadora de tipo estructural.<\/p>\n<p>\u00c9sta tiene la opci\u00f3n de llegar a una altura de 7 o 9 metros dependiendo de la configuraci\u00f3n de trusses deseada.<\/p>\n","protected":false},"featured_media":7547,"template":"","meta":[],"product_cat":[15,201],"product_tag":[],"class_list":["post-7522","product","type-product","status-publish","has-post-thumbnail","hentry","product_cat-torres","product_cat-torres-estructurales"],"acf":[],"_links":{"self":[{"href":"https:\/\/blockandblock.es\/en\/wp-json\/wp\/v2\/product\/7522","targetHints":{"allow":["GET"]}}],"collection":[{"href":"https:\/\/blockandblock.es\/en\/wp-json\/wp\/v2\/product"}],"about":[{"href":"https:\/\/blockandblock.es\/en\/wp-json\/wp\/v2\/types\/product"}],"version-history":[{"count":11,"href":"https:\/\/blockandblock.es\/en\/wp-json\/wp\/v2\/product\/7522\/revisions"}],"predecessor-version":[{"id":7562,"href":"https:\/\/blockandblock.es\/en\/wp-json\/wp\/v2\/product\/7522\/revisions\/7562"}],"wp:featuredmedia":[{"embeddable":true,"href":"https:\/\/blockandblock.es\/en\/wp-json\/wp\/v2\/media\/7547"}],"wp:attachment":[{"href":"https:\/\/blockandblock.es\/en\/wp-json\/wp\/v2\/media?parent=7522"}],"wp:term":[{"taxonomy":"product_cat","embeddable":true,"href":"https:\/\/blockandblock.es\/en\/wp-json\/wp\/v2\/product_cat?post=7522"},{"taxonomy":"product_tag","embeddable":true,"href":"https:\/\/blockandblock.es\/en\/wp-json\/wp\/v2\/product_tag?post=7522"}],"curies":[{"name":"wp","href":"https:\/\/api.w.org\/{rel}","templated":true}]}}